{"id":1238,"date":"2023-03-06T14:47:29","date_gmt":"2023-03-06T14:47:29","guid":{"rendered":"https:\/\/www.emilianaconserve.it\/privacy-policy\/"},"modified":"2023-04-14T11:30:22","modified_gmt":"2023-04-14T11:30:22","slug":"privacy-policy","status":"publish","type":"page","link":"https:\/\/www.emilianaconserve.it\/en\/privacy-policy\/","title":{"rendered":"Privacy Policy"},"content":{"rendered":"\t\t<div data-elementor-type=\"wp-page\" data-elementor-id=\"1238\" class=\"elementor elementor-1238 elementor-3\" data-elementor-post-type=\"page\">\n\t\t\t\t\t\t<section class=\"elementor-section elementor-top-section elementor-element elementor-element-1b5f71bc elementor-section-boxed elementor-section-height-default elementor-section-height-default\" data-id=\"1b5f71bc\" data-element_type=\"section\">\n\t\t\t\t\t\t<div class=\"elementor-container elementor-column-gap-default\">\n\t\t\t\t\t<div class=\"elementor-column elementor-col-100 elementor-top-column elementor-element elementor-element-40b32f66\" data-id=\"40b32f66\" data-element_type=\"column\">\n\t\t\t<div class=\"elementor-widget-wrap elementor-element-populated\">\n\t\t\t\t\t\t<div class=\"elementor-element elementor-element-7e3c4e3e elementor-widget elementor-widget-text-editor\" data-id=\"7e3c4e3e\" data-element_type=\"widget\" data-widget_type=\"text-editor.default\">\n\t\t\t\t<div class=\"elementor-widget-container\">\n\t\t\t<style>\/*! elementor - v3.19.0 - 07-02-2024 *\/\n.elementor-widget-text-editor.elementor-drop-cap-view-stacked .elementor-drop-cap{background-color:#69727d;color:#fff}.elementor-widget-text-editor.elementor-drop-cap-view-framed .elementor-drop-cap{color:#69727d;border:3px solid;background-color:transparent}.elementor-widget-text-editor:not(.elementor-drop-cap-view-default) .elementor-drop-cap{margin-top:8px}.elementor-widget-text-editor:not(.elementor-drop-cap-view-default) .elementor-drop-cap-letter{width:1em;height:1em}.elementor-widget-text-editor .elementor-drop-cap{float:left;text-align:center;line-height:1;font-size:50px}.elementor-widget-text-editor .elementor-drop-cap-letter{display:inline-block}<\/style>\t\t\t\t\t\t\t\t\t\t<\/div>\n\t\t\t\t<\/div>\n\t\t\t\t\t<\/div>\n\t\t<\/div>\n\t\t\t\t\t<\/div>\n\t\t<\/section>\n\t\t\t\t<section class=\"elementor-section elementor-top-section elementor-element elementor-element-bfb23f2 elementor-section-boxed elementor-section-height-default elementor-section-height-default\" data-id=\"bfb23f2\" data-element_type=\"section\">\n\t\t\t\t\t\t<div class=\"elementor-container elementor-column-gap-default\">\n\t\t\t\t\t<div class=\"elementor-column elementor-col-100 elementor-top-column elementor-element elementor-element-6e12baf\" data-id=\"6e12baf\" data-element_type=\"column\">\n\t\t\t<div class=\"elementor-widget-wrap elementor-element-populated\">\n\t\t\t\t\t\t<div class=\"elementor-element elementor-element-93bcf20 elementor-widget elementor-widget-heading\" data-id=\"93bcf20\" data-element_type=\"widget\" data-widget_type=\"heading.default\">\n\t\t\t\t<div class=\"elementor-widget-container\">\n\t\t\t<style>\/*! elementor - v3.19.0 - 07-02-2024 *\/\n.elementor-heading-title{padding:0;margin:0;line-height:1}.elementor-widget-heading .elementor-heading-title[class*=elementor-size-]>a{color:inherit;font-size:inherit;line-height:inherit}.elementor-widget-heading .elementor-heading-title.elementor-size-small{font-size:15px}.elementor-widget-heading .elementor-heading-title.elementor-size-medium{font-size:19px}.elementor-widget-heading .elementor-heading-title.elementor-size-large{font-size:29px}.elementor-widget-heading .elementor-heading-title.elementor-size-xl{font-size:39px}.elementor-widget-heading .elementor-heading-title.elementor-size-xxl{font-size:59px}<\/style><h1 class=\"elementor-heading-title elementor-size-default\">Privacy Policy<\/h1>\t\t<\/div>\n\t\t\t\t<\/div>\n\t\t\t\t<div class=\"elementor-element elementor-element-209d5e9 elementor-widget elementor-widget-heading\" data-id=\"209d5e9\" data-element_type=\"widget\" data-widget_type=\"heading.default\">\n\t\t\t\t<div class=\"elementor-widget-container\">\n\t\t\t<h2 class=\"elementor-heading-title elementor-size-default\">INFORMATIVA PER IL SITO WEB<\/h2>\t\t<\/div>\n\t\t\t\t<\/div>\n\t\t\t\t<div class=\"elementor-element elementor-element-797da89 elementor-widget elementor-widget-text-editor\" data-id=\"797da89\" data-element_type=\"widget\" data-widget_type=\"text-editor.default\">\n\t\t\t\t<div class=\"elementor-widget-container\">\n\t\t\t\t\t\t\t<p>In attuazione del regolamento UE 2016\/679 e delle normative vigenti le forniamo le seguenti informazioni attinenti ai trattamenti e alla protezione dei suoi dati personali.<\/p>\n<p><b>Titolare del Trattamento<br \/><\/b>Il titolare del trattamento Emiliana Conserve Societa&#8217; Agricola S.p.a. Via Vivaldi, 7 &#8211; 43011 Busseto (PR), raggiungibile anche chiamando il numero 0524.91742 oppure via mail all\u2019indirizzo privacy@emilianaconserve.it.<\/p>\n<p><b>Finalit\u00e0<\/b><br \/>I dati personali identificativi raccolti presso l\u2019interessato, utilizzatore del sito, costituiscono oggetto del trattamento e sono trattati ed utilizzati direttamente per le seguenti finalit\u00e0:<br \/>(a) per dar seguito alla richiesta dell\u2019utente in merito alla richiesta di informazioni correlate alle attivit\u00e0 aziendali o per altre richieste da parte del cliente, nonch\u00e9 per il perseguimento di finalit\u00e0 a ci\u00f2 strumentali e\/o complementari, quali l\u2019archiviazione, l\u2019elaborazione nel completo rispetto del principio della correttezza e della liceit\u00e0 e delle disposizioni di legge.<br \/>(b) per l\u2019invio di comunicazioni su future iniziative commerciali e promozionali; annunci di servizi e offerte propri del titolare e per l\u2019invio di messaggi informativi e promozionali relativi alla sua attivit\u00e0, nonch\u00e9 per le finalit\u00e0 a ci\u00f2 connesse e strumentali.<\/p>\n<p><b>Destinatari<br \/><\/b>I dati raccolti non saranno diffusi, venduti o scambiati con soggetti terzi senza il suo esplicito consenso, salvo eventuali e limitate comunicazioni che si rendano necessarie per evadere la richiesta.<\/p>\n<p><b>Periodo di Conservazione<br \/><\/b>I dati da lei forniti saranno conservati non oltre 2 anni dall\u2019ultimo contatto o corrispondenza attiva e comunque non oltre la sua eventuale richiesta di cancellazione.<\/p>\n<p><b>Diritti dell\u2019interessato<br \/><\/b>Lei ha facolt\u00e0 di chiedere al titolare del trattamento l\u2019accesso ai suoi dati personali, la rettifica, la cancellazione degli stessi o eventualmente la limitazione del trattamento. Lei pu\u00f2 sempre richiedere specifica completa del trattamento e dei suoi diritti scrivendo ai contatti messi a disposizione dal Titolare ed indicati ad inizio informativa.<\/p>\n<p><b>Revoca del Consenso<\/b><br \/>Lei pu\u00f2 interrompere in qualsiasi istante i trattamenti oggetto di questa informativa, scrivendo le sue intenzioni al Titolare del trattamento, senza che ci\u00f2 comunque pregiudichi le operazioni effettuate lecitamente fino a quel momento<\/p>\n<p><b>Diritto di Reclamo<br \/><\/b>Se ritiene che il trattamento che la riguarda violi il Regolamento GDPR EU-2016\/679 ha il diritto di proporre reclamo al Garante per la protezione dei dati personali. Dati reperibili sul sito www.garanteprivacy.it<\/p>\n\t\t\t\t\t\t<\/div>\n\t\t\t\t<\/div>\n\t\t\t\t\t<\/div>\n\t\t<\/div>\n\t\t\t\t\t<\/div>\n\t\t<\/section>\n\t\t\t\t<\/div>\n\t\t","protected":false},"excerpt":{"rendered":"<p>Privacy Policy INFORMATIVA PER IL SITO WEB In attuazione del regolamento UE 2016\/679 e delle normative vigenti le forniamo le seguenti informazioni attinenti ai trattamenti e alla protezione dei suoi dati personali. Titolare del TrattamentoIl titolare del trattamento Emiliana Conserve Societa&#8217; Agricola S.p.a. Via Vivaldi, 7 &#8211; 43011 Busseto (PR), raggiungibile anche chiamando il numero [&hellip;]<\/p>\n","protected":false},"author":1,"featured_media":0,"parent":0,"menu_order":0,"comment_status":"closed","ping_status":"open","template":"","meta":{"_acf_changed":false,"site-sidebar-layout":"default","site-content-layout":"","ast-site-content-layout":"","site-content-style":"default","site-sidebar-style":"default","ast-global-header-display":"","ast-banner-title-visibility":"","ast-main-header-display":"","ast-hfb-above-header-display":"","ast-hfb-below-header-display":"","ast-hfb-mobile-header-display":"","site-post-title":"","ast-breadcrumbs-content":"","ast-featured-img":"","footer-sml-layout":"","theme-transparent-header-meta":"","adv-header-id-meta":"","stick-header-meta":"","header-above-stick-meta":"","header-main-stick-meta":"","header-below-stick-meta":"","astra-migrate-meta-layouts":"default","ast-page-background-enabled":"default","ast-page-background-meta":{"desktop":{"background-color":"var(--ast-global-color-4)","background-image":"","background-repeat":"repeat","background-position":"center center","background-size":"auto","background-attachment":"scroll","background-type":"","background-media":"","overlay-type":"","overlay-color":"","overlay-gradient":""},"tablet":{"background-color":"","background-image":"","background-repeat":"repeat","background-position":"center center","background-size":"auto","background-attachment":"scroll","background-type":"","background-media":"","overlay-type":"","overlay-color":"","overlay-gradient":""},"mobile":{"background-color":"","background-image":"","background-repeat":"repeat","background-position":"center center","background-size":"auto","background-attachment":"scroll","background-type":"","background-media":"","overlay-type":"","overlay-color":"","overlay-gradient":""}},"ast-content-background-meta":{"desktop":{"background-color":"var(--ast-global-color-5)","background-image":"","background-repeat":"repeat","background-position":"center center","background-size":"auto","background-attachment":"scroll","background-type":"","background-media":"","overlay-type":"","overlay-color":"","overlay-gradient":""},"tablet":{"background-color":"var(--ast-global-color-5)","background-image":"","background-repeat":"repeat","background-position":"center center","background-size":"auto","background-attachment":"scroll","background-type":"","background-media":"","overlay-type":"","overlay-color":"","overlay-gradient":""},"mobile":{"background-color":"var(--ast-global-color-5)","background-image":"","background-repeat":"repeat","background-position":"center center","background-size":"auto","background-attachment":"scroll","background-type":"","background-media":"","overlay-type":"","overlay-color":"","overlay-gradient":""}},"footnotes":""},"class_list":["post-1238","page","type-page","status-publish","hentry"],"acf":[],"yoast_head":"<!-- This site is optimized with the Yoast SEO plugin v22.0 - https:\/\/yoast.com\/wordpress\/plugins\/seo\/ -->\n<title>Privacy Policy - Emiliana Conserve<\/title>\n<meta name=\"robots\" content=\"index, follow, max-snippet:-1, max-image-preview:large, max-video-preview:-1\" \/>\n<link rel=\"canonical\" href=\"https:\/\/www.emilianaconserve.it\/en\/privacy-policy\/\" \/>\n<meta property=\"og:locale\" content=\"en_US\" \/>\n<meta property=\"og:type\" content=\"article\" \/>\n<meta property=\"og:title\" content=\"Privacy Policy - Emiliana Conserve\" \/>\n<meta property=\"og:description\" content=\"Privacy Policy INFORMATIVA PER IL SITO WEB In attuazione del regolamento UE 2016\/679 e delle normative vigenti le forniamo le seguenti informazioni attinenti ai trattamenti e alla protezione dei suoi dati personali. Titolare del TrattamentoIl titolare del trattamento Emiliana Conserve Societa&#8217; Agricola S.p.a. Via Vivaldi, 7 &#8211; 43011 Busseto (PR), raggiungibile anche chiamando il numero [&hellip;]\" \/>\n<meta property=\"og:url\" content=\"https:\/\/www.emilianaconserve.it\/en\/privacy-policy\/\" \/>\n<meta property=\"og:site_name\" content=\"Emiliana Conserve\" \/>\n<meta property=\"article:modified_time\" content=\"2023-04-14T11:30:22+00:00\" \/>\n<meta name=\"twitter:card\" content=\"summary_large_image\" \/>\n<meta name=\"twitter:label1\" content=\"Est. reading time\" \/>\n\t<meta name=\"twitter:data1\" content=\"2 minutes\" \/>\n<script type=\"application\/ld+json\" class=\"yoast-schema-graph\">{\"@context\":\"https:\/\/schema.org\",\"@graph\":[{\"@type\":\"WebPage\",\"@id\":\"https:\/\/www.emilianaconserve.it\/en\/privacy-policy\/\",\"url\":\"https:\/\/www.emilianaconserve.it\/en\/privacy-policy\/\",\"name\":\"Privacy Policy - Emiliana Conserve\",\"isPartOf\":{\"@id\":\"https:\/\/www.emilianaconserve.it\/en\/#website\"},\"datePublished\":\"2023-03-06T14:47:29+00:00\",\"dateModified\":\"2023-04-14T11:30:22+00:00\",\"breadcrumb\":{\"@id\":\"https:\/\/www.emilianaconserve.it\/en\/privacy-policy\/#breadcrumb\"},\"inLanguage\":\"en-US\",\"potentialAction\":[{\"@type\":\"ReadAction\",\"target\":[\"https:\/\/www.emilianaconserve.it\/en\/privacy-policy\/\"]}]},{\"@type\":\"BreadcrumbList\",\"@id\":\"https:\/\/www.emilianaconserve.it\/en\/privacy-policy\/#breadcrumb\",\"itemListElement\":[{\"@type\":\"ListItem\",\"position\":1,\"name\":\"Home\",\"item\":\"https:\/\/www.emilianaconserve.it\/en\/\"},{\"@type\":\"ListItem\",\"position\":2,\"name\":\"Privacy Policy\"}]},{\"@type\":\"WebSite\",\"@id\":\"https:\/\/www.emilianaconserve.it\/en\/#website\",\"url\":\"https:\/\/www.emilianaconserve.it\/en\/\",\"name\":\"Emiliana Conserve\",\"description\":\"Tomato &amp; Italia\",\"publisher\":{\"@id\":\"https:\/\/www.emilianaconserve.it\/en\/#organization\"},\"potentialAction\":[{\"@type\":\"SearchAction\",\"target\":{\"@type\":\"EntryPoint\",\"urlTemplate\":\"https:\/\/www.emilianaconserve.it\/en\/?s={search_term_string}\"},\"query-input\":\"required name=search_term_string\"}],\"inLanguage\":\"en-US\"},{\"@type\":\"Organization\",\"@id\":\"https:\/\/www.emilianaconserve.it\/en\/#organization\",\"name\":\"Emiliana Conserve\",\"url\":\"https:\/\/www.emilianaconserve.it\/en\/\",\"logo\":{\"@type\":\"ImageObject\",\"inLanguage\":\"en-US\",\"@id\":\"https:\/\/www.emilianaconserve.it\/en\/#\/schema\/logo\/image\/\",\"url\":\"https:\/\/www.emilianaconserve.it\/wp-content\/uploads\/2023\/03\/logo-footer.png\",\"contentUrl\":\"https:\/\/www.emilianaconserve.it\/wp-content\/uploads\/2023\/03\/logo-footer.png\",\"width\":1254,\"height\":382,\"caption\":\"Emiliana Conserve\"},\"image\":{\"@id\":\"https:\/\/www.emilianaconserve.it\/en\/#\/schema\/logo\/image\/\"}}]}<\/script>\n<!-- \/ Yoast SEO plugin. -->","yoast_head_json":{"title":"Privacy Policy - Emiliana Conserve","robots":{"index":"index","follow":"follow","max-snippet":"max-snippet:-1","max-image-preview":"max-image-preview:large","max-video-preview":"max-video-preview:-1"},"canonical":"https:\/\/www.emilianaconserve.it\/en\/privacy-policy\/","og_locale":"en_US","og_type":"article","og_title":"Privacy Policy - Emiliana Conserve","og_description":"Privacy Policy INFORMATIVA PER IL SITO WEB In attuazione del regolamento UE 2016\/679 e delle normative vigenti le forniamo le seguenti informazioni attinenti ai trattamenti e alla protezione dei suoi dati personali. Titolare del TrattamentoIl titolare del trattamento Emiliana Conserve Societa&#8217; Agricola S.p.a. Via Vivaldi, 7 &#8211; 43011 Busseto (PR), raggiungibile anche chiamando il numero [&hellip;]","og_url":"https:\/\/www.emilianaconserve.it\/en\/privacy-policy\/","og_site_name":"Emiliana Conserve","article_modified_time":"2023-04-14T11:30:22+00:00","twitter_card":"summary_large_image","twitter_misc":{"Est. reading time":"2 minutes"},"schema":{"@context":"https:\/\/schema.org","@graph":[{"@type":"WebPage","@id":"https:\/\/www.emilianaconserve.it\/en\/privacy-policy\/","url":"https:\/\/www.emilianaconserve.it\/en\/privacy-policy\/","name":"Privacy Policy - Emiliana Conserve","isPartOf":{"@id":"https:\/\/www.emilianaconserve.it\/en\/#website"},"datePublished":"2023-03-06T14:47:29+00:00","dateModified":"2023-04-14T11:30:22+00:00","breadcrumb":{"@id":"https:\/\/www.emilianaconserve.it\/en\/privacy-policy\/#breadcrumb"},"inLanguage":"en-US","potentialAction":[{"@type":"ReadAction","target":["https:\/\/www.emilianaconserve.it\/en\/privacy-policy\/"]}]},{"@type":"BreadcrumbList","@id":"https:\/\/www.emilianaconserve.it\/en\/privacy-policy\/#breadcrumb","itemListElement":[{"@type":"ListItem","position":1,"name":"Home","item":"https:\/\/www.emilianaconserve.it\/en\/"},{"@type":"ListItem","position":2,"name":"Privacy Policy"}]},{"@type":"WebSite","@id":"https:\/\/www.emilianaconserve.it\/en\/#website","url":"https:\/\/www.emilianaconserve.it\/en\/","name":"Emiliana Conserve","description":"Tomato &amp; Italia","publisher":{"@id":"https:\/\/www.emilianaconserve.it\/en\/#organization"},"potentialAction":[{"@type":"SearchAction","target":{"@type":"EntryPoint","urlTemplate":"https:\/\/www.emilianaconserve.it\/en\/?s={search_term_string}"},"query-input":"required name=search_term_string"}],"inLanguage":"en-US"},{"@type":"Organization","@id":"https:\/\/www.emilianaconserve.it\/en\/#organization","name":"Emiliana Conserve","url":"https:\/\/www.emilianaconserve.it\/en\/","logo":{"@type":"ImageObject","inLanguage":"en-US","@id":"https:\/\/www.emilianaconserve.it\/en\/#\/schema\/logo\/image\/","url":"https:\/\/www.emilianaconserve.it\/wp-content\/uploads\/2023\/03\/logo-footer.png","contentUrl":"https:\/\/www.emilianaconserve.it\/wp-content\/uploads\/2023\/03\/logo-footer.png","width":1254,"height":382,"caption":"Emiliana Conserve"},"image":{"@id":"https:\/\/www.emilianaconserve.it\/en\/#\/schema\/logo\/image\/"}}]}},"_links":{"self":[{"href":"https:\/\/www.emilianaconserve.it\/en\/wp-json\/wp\/v2\/pages\/1238","targetHints":{"allow":["GET"]}}],"collection":[{"href":"https:\/\/www.emilianaconserve.it\/en\/wp-json\/wp\/v2\/pages"}],"about":[{"href":"https:\/\/www.emilianaconserve.it\/en\/wp-json\/wp\/v2\/types\/page"}],"author":[{"embeddable":true,"href":"https:\/\/www.emilianaconserve.it\/en\/wp-json\/wp\/v2\/users\/1"}],"replies":[{"embeddable":true,"href":"https:\/\/www.emilianaconserve.it\/en\/wp-json\/wp\/v2\/comments?post=1238"}],"version-history":[{"count":0,"href":"https:\/\/www.emilianaconserve.it\/en\/wp-json\/wp\/v2\/pages\/1238\/revisions"}],"wp:attachment":[{"href":"https:\/\/www.emilianaconserve.it\/en\/wp-json\/wp\/v2\/media?parent=1238"}],"curies":[{"name":"wp","href":"https:\/\/api.w.org\/{rel}","templated":true}]}}